{"id":25636,"date":"2021-10-19T12:26:17","date_gmt":"2021-10-19T10:26:17","guid":{"rendered":"https:\/\/kowalstwo.blubla.pl\/de\/?page_id=25636"},"modified":"2024-04-24T10:53:31","modified_gmt":"2024-04-24T08:53:31","slug":"cennik","status":"publish","type":"page","link":"https:\/\/kowalstwo.blubla.pl\/de\/cennik\/","title":{"rendered":"Cennik"},"content":{"rendered":"<p>[et_pb_section fb_built=&#8221;1&#8243; admin_label=&#8221;Header&#8221; _builder_version=&#8221;4.11.3&#8243; _module_preset=&#8221;default&#8221; background_enable_color=&#8221;off&#8221; use_background_color_gradient=&#8221;on&#8221; background_color_gradient_start=&#8221;#000000&#8243; background_color_gradient_end=&#8221;rgba(0,0,0,0)&#8221; background_color_gradient_overlays_image=&#8221;on&#8221; background_image=&#8221;https:\/\/kowalstwo.blubla.pl\/de\/wp-content\/uploads\/2024\/04\/forge-550622_1920.jpg&#8221; custom_padding=&#8221;||0px||false|false&#8221; locked=&#8221;off&#8221; global_colors_info=&#8221;{}&#8221;][et_pb_row _builder_version=&#8221;4.10.6&#8243; _module_preset=&#8221;default&#8221; z_index=&#8221;10&#8243; custom_padding=&#8221;||0px||false|false&#8221; global_colors_info=&#8221;{}&#8221;][et_pb_column type=&#8221;4_4&#8243; _builder_version=&#8221;4.10.5&#8243; _module_preset=&#8221;default&#8221; global_colors_info=&#8221;{}&#8221;][et_pb_text _builder_version=&#8221;4.11.3&#8243; _module_preset=&#8221;b53a70bb-9f62-4ee5-b34f-c7a321ddbf6c&#8221; header_font=&#8221;Barlow|700|||||||&#8221; header_text_color=&#8221;#fecf10&#8243; header_font_size=&#8221;120px&#8221; header_line_height=&#8221;1.1em&#8221; text_orientation=&#8221;center&#8221; module_alignment=&#8221;center&#8221; custom_margin=&#8221;||10px||false|false&#8221; hover_enabled=&#8221;0&#8243; header_font_size_tablet=&#8221;40px&#8221; header_font_size_phone=&#8221;24px&#8221; header_font_size_last_edited=&#8221;on|desktop&#8221; global_colors_info=&#8221;{}&#8221; sticky_enabled=&#8221;0&#8243;]<\/p>\n<h1>Angebot<\/h1>\n<p>[\/et_pb_text][\/et_pb_column][\/et_pb_row][et_pb_row _builder_version=&#8221;4.10.6&#8243; _module_preset=&#8221;default&#8221; width=&#8221;100%&#8221; max_width=&#8221;none&#8221; custom_padding=&#8221;0px||0px||true|false&#8221; global_colors_info=&#8221;{}&#8221;][et_pb_column type=&#8221;4_4&#8243; _builder_version=&#8221;4.10.5&#8243; _module_preset=&#8221;default&#8221; global_colors_info=&#8221;{}&#8221;][et_pb_image src=&#8221;https:\/\/kowalstwo.blubla.pl\/de\/wp-content\/uploads\/2021\/10\/car-wash-33.png&#8221; title_text=&#8221;car-wash-33&#8243; force_fullwidth=&#8221;on&#8221; _builder_version=&#8221;4.11.3&#8243; _module_preset=&#8221;default&#8221; custom_margin=&#8221;-5vw||||false|false&#8221; hover_enabled=&#8221;0&#8243; global_colors_info=&#8221;{}&#8221; sticky_enabled=&#8221;0&#8243;][\/et_pb_image][\/et_pb_column][\/et_pb_row][\/et_pb_section][et_pb_section fb_built=&#8221;1&#8243; admin_label=&#8221;Pricing&#8221; _builder_version=&#8221;3.22&#8243; background_color=&#8221;#ffffff&#8221; background_size=&#8221;initial&#8221; background_position=&#8221;top_center&#8221; module_alignment=&#8221;center&#8221; custom_margin=&#8221;|20%|60px|20%||true&#8221; custom_margin_tablet=&#8221;|10%||10%||true&#8221; custom_margin_phone=&#8221;|0%||0%||true&#8221; custom_margin_last_edited=&#8221;on|desktop&#8221; animation_style=&#8221;flip&#8221; animation_intensity_flip=&#8221;10%&#8221; box_shadow_style=&#8221;preset3&#8243; box_shadow_vertical=&#8221;45px&#8221; box_shadow_blur=&#8221;130px&#8221; box_shadow_spread=&#8221;-20px&#8221; box_shadow_color=&#8221;rgba(0,0,0,0.25)&#8221; locked=&#8221;off&#8221; global_colors_info=&#8221;{}&#8221;][et_pb_row _builder_version=&#8221;3.25&#8243; global_colors_info=&#8221;{}&#8221;][et_pb_column type=&#8221;4_4&#8243; _builder_version=&#8221;3.25&#8243; custom_padding=&#8221;|||&#8221; global_colors_info=&#8221;{}&#8221; custom_padding__hover=&#8221;|||&#8221;][et_pb_text _builder_version=&#8221;4.11.3&#8243; text_font=&#8221;||||||||&#8221; header_font=&#8221;||||||||&#8221; header_2_font=&#8221;Oswald|500||on|on|||#fecf10|&#8221; header_2_line_height=&#8221;1.6em&#8221; text_orientation=&#8221;center&#8221; hover_enabled=&#8221;0&#8243; header_2_font_size_tablet=&#8221;&#8221; header_2_font_size_phone=&#8221;24px&#8221; header_2_font_size_last_edited=&#8221;on|tablet&#8221; global_colors_info=&#8221;{}&#8221; sticky_enabled=&#8221;0&#8243;]<\/p>\n<h2>Angebot<\/h2>\n<p>[\/et_pb_text][\/et_pb_column][\/et_pb_row][et_pb_row use_custom_gutter=&#8221;on&#8221; gutter_width=&#8221;2&#8243; _builder_version=&#8221;4.11.3&#8243; custom_padding=&#8221;12px|20px|2px|20px|false|true&#8221; locked=&#8221;off&#8221; global_colors_info=&#8221;{}&#8221; background_color__hover=&#8221;rgba(0,0,0,0.06)&#8221;][et_pb_column type=&#8221;4_4&#8243; _builder_version=&#8221;3.25&#8243; custom_padding=&#8221;|||&#8221; global_colors_info=&#8221;{}&#8221; custom_padding__hover=&#8221;|||&#8221;][et_pb_text _builder_version=&#8221;4.11.3&#8243; text_font=&#8221;||||||||&#8221; header_font=&#8221;||||||||&#8221; header_4_font=&#8221;Oswald|500||on|||||&#8221; header_4_font_size=&#8221;14px&#8221; header_4_line_height=&#8221;1.6em&#8221; hover_enabled=&#8221;0&#8243; global_colors_info=&#8221;{}&#8221; header_font_size__hover=&#8221;30px&#8221; header_font_size__hover_enabled=&#8221;30px&#8221; header_letter_spacing__hover=&#8221;0px&#8221; header_letter_spacing__hover_enabled=&#8221;0px&#8221; header_text_shadow_style__hover=&#8221;none&#8221; header_text_shadow_style__hover_enabled=&#8221;none&#8221; header_text_shadow_color__hover=&#8221;rgba(0,0,0,0.4)&#8221; header_text_shadow_color__hover_enabled=&#8221;rgba(0,0,0,0.4)&#8221; header_2_font_size__hover=&#8221;26px&#8221; header_2_font_size__hover_enabled=&#8221;26px&#8221; header_2_letter_spacing__hover=&#8221;0px&#8221; header_2_letter_spacing__hover_enabled=&#8221;0px&#8221; header_2_line_height__hover=&#8221;1em&#8221; header_2_line_height__hover_enabled=&#8221;1em&#8221; header_2_text_shadow_style__hover=&#8221;none&#8221; header_2_text_shadow_style__hover_enabled=&#8221;none&#8221; header_2_text_shadow_color__hover=&#8221;rgba(0,0,0,0.4)&#8221; header_2_text_shadow_color__hover_enabled=&#8221;rgba(0,0,0,0.4)&#8221; header_3_font_size__hover=&#8221;22px&#8221; header_3_font_size__hover_enabled=&#8221;22px&#8221; header_3_letter_spacing__hover=&#8221;0px&#8221; header_3_letter_spacing__hover_enabled=&#8221;0px&#8221; header_3_line_height__hover=&#8221;1em&#8221; header_3_line_height__hover_enabled=&#8221;1em&#8221; header_3_text_shadow_style__hover=&#8221;none&#8221; header_3_text_shadow_style__hover_enabled=&#8221;none&#8221; header_3_text_shadow_color__hover=&#8221;rgba(0,0,0,0.4)&#8221; header_3_text_shadow_color__hover_enabled=&#8221;rgba(0,0,0,0.4)&#8221; header_4_font_size__hover=&#8221;18px&#8221; header_4_font_size__hover_enabled=&#8221;18px&#8221; header_4_letter_spacing__hover=&#8221;0px&#8221; header_4_letter_spacing__hover_enabled=&#8221;0px&#8221; header_4_line_height__hover=&#8221;1em&#8221; header_4_line_height__hover_enabled=&#8221;1em&#8221; header_4_text_shadow_style__hover=&#8221;none&#8221; header_4_text_shadow_style__hover_enabled=&#8221;none&#8221; header_4_text_shadow_color__hover=&#8221;rgba(0,0,0,0.4)&#8221; header_4_text_shadow_color__hover_enabled=&#8221;rgba(0,0,0,0.4)&#8221; header_5_font_size__hover=&#8221;16px&#8221; header_5_font_size__hover_enabled=&#8221;16px&#8221; header_5_letter_spacing__hover=&#8221;0px&#8221; header_5_letter_spacing__hover_enabled=&#8221;0px&#8221; header_5_line_height__hover=&#8221;1em&#8221; header_5_line_height__hover_enabled=&#8221;1em&#8221; header_5_text_shadow_style__hover=&#8221;none&#8221; header_5_text_shadow_style__hover_enabled=&#8221;none&#8221; header_5_text_shadow_color__hover=&#8221;rgba(0,0,0,0.4)&#8221; header_5_text_shadow_color__hover_enabled=&#8221;rgba(0,0,0,0.4)&#8221; header_6_font_size__hover=&#8221;14px&#8221; header_6_font_size__hover_enabled=&#8221;14px&#8221; header_6_letter_spacing__hover=&#8221;0px&#8221; header_6_letter_spacing__hover_enabled=&#8221;0px&#8221; header_6_line_height__hover=&#8221;1em&#8221; header_6_line_height__hover_enabled=&#8221;1em&#8221; header_6_text_shadow_style__hover=&#8221;none&#8221; header_6_text_shadow_style__hover_enabled=&#8221;none&#8221; header_6_text_shadow_color__hover=&#8221;rgba(0,0,0,0.4)&#8221; header_6_text_shadow_color__hover_enabled=&#8221;rgba(0,0,0,0.4)&#8221; sticky_enabled=&#8221;0&#8243;]<\/p>\n<p>Als Schmiedewerkstatt sind wir auf die Roheisenverarbeitung mit klassischen und modernen Methoden der Metallverarbeitung spezialisiert. In unserer gut ausgestatteten Werkstatt k\u00f6nnen wir unter anderem folgende Produkte herstellen:<br \/>\u2013 landwirtschaftliche Werkzeuge wie \u00c4xte, H\u00e4mmer, Messer<br \/>\u2013 Innenarchitekturelemente von Wohn- und Gewerbegeb\u00e4uden wie T\u00fcrbeschl\u00e4ge, Schuhputzbeschl\u00e4ge, Z\u00e4une und Tore, Pfetten Schl\u00f6sser und andere<br \/>\u2013 Ausr\u00fcstung f\u00fcr Holzschnitzer- und Rekonstruktionsgruppen \u2013 Schwerter, \u00c4xte und andere Waffen, R\u00fcstungselemente wie R\u00fcstungen, Kettenhemden, Helme und Schilde.<br \/>\u2013 Metallarbeiten \u2013 Skulpturen und andere Elemente, einschlie\u00dflich Einrichtungsgegenst\u00e4nden verschiedener Art<br \/>\u2013 Herstellung von Hufeisen und Reitausr\u00fcstungselementen<br \/>\u2013 Schmiedewerkst\u00e4tten, in denen der Prozess der Herstellung von Metallelementen vorgestellt und gelehrt wird.<\/p>\n<p>Hierzu nutzen wir klassische Werkzeuge wie Ambosse, Zangen, Locheisen, Locheisen, aber auch moderne Schleifmaschinen, CNC-Laser, S\u00e4gen und Fl\u00fcssiggas\u00f6fen.<br \/>Wir verf\u00fcgen \u00fcber ein eigenes Designzentrum, in dem unsere Mitarbeiter ein virtuelles Produkt vorbereiten und unsere Schmiede es in ein reales Produkt verwandeln.<\/p>\n<p>Weitere Informationen finden Sie im Bereich \u201eKontakt\u201c.<\/p>\n<p>[\/et_pb_text][\/et_pb_column][\/et_pb_row][\/et_pb_section]<\/p>\n","protected":false},"excerpt":{"rendered":"<p>AngebotAngebotAls Schmiedewerkstatt sind wir auf die Roheisenverarbeitung mit klassischen und modernen Methoden der Metallverarbeitung spezialisiert. In unserer gut ausgestatteten Werkstatt k\u00f6nnen wir unter anderem folgende Produkte herstellen:\u2013 landwirtschaftliche Werkzeuge wie \u00c4xte, H\u00e4mmer, Messer\u2013 Innenarchitekturelemente von Wohn- und Gewerbegeb\u00e4uden wie T\u00fcrbeschl\u00e4ge, Schuhputzbeschl\u00e4ge, Z\u00e4une und Tore, Pfetten Schl\u00f6sser und andere\u2013 Ausr\u00fcstung f\u00fcr Holzschnitzer- und Rekonstruktionsgruppen \u2013 Schwerter, [&hellip;]<\/p>\n","protected":false},"author":1,"featured_media":0,"parent":0,"menu_order":0,"comment_status":"closed","ping_status":"closed","template":"","meta":{"_et_pb_use_builder":"on","_et_pb_old_content":"","_et_gb_content_width":"","footnotes":""},"class_list":["post-25636","page","type-page","status-publish","hentry"],"yoast_head":"<!-- This site is optimized with the Yoast SEO plugin v17.4 - https:\/\/yoast.com\/wordpress\/plugins\/seo\/ -->\n<title>Cennik - Kowalstwo<\/title>\n<meta name=\"robots\" content=\"noindex, follow, max-snippet:-1, max-image-preview:large, max-video-preview:-1\" \/>\n<meta property=\"og:locale\" content=\"pl_PL\" \/>\n<meta property=\"og:type\" content=\"article\" \/>\n<meta property=\"og:title\" content=\"Cennik - Kowalstwo\" \/>\n<meta property=\"og:description\" content=\"AngebotAngebotAls Schmiedewerkstatt sind wir auf die Roheisenverarbeitung mit klassischen und modernen Methoden der Metallverarbeitung spezialisiert. In unserer gut ausgestatteten Werkstatt k\u00f6nnen wir unter anderem folgende Produkte herstellen:\u2013 landwirtschaftliche Werkzeuge wie \u00c4xte, H\u00e4mmer, Messer\u2013 Innenarchitekturelemente von Wohn- und Gewerbegeb\u00e4uden wie T\u00fcrbeschl\u00e4ge, Schuhputzbeschl\u00e4ge, Z\u00e4une und Tore, Pfetten Schl\u00f6sser und andere\u2013 Ausr\u00fcstung f\u00fcr Holzschnitzer- und Rekonstruktionsgruppen \u2013 Schwerter, [&hellip;]\" \/>\n<meta property=\"og:url\" content=\"https:\/\/kowalstwo.blubla.pl\/de\/cennik\/\" \/>\n<meta property=\"og:site_name\" content=\"Kowalstwo\" \/>\n<meta property=\"article:modified_time\" content=\"2024-04-24T08:53:31+00:00\" \/>\n<meta name=\"twitter:card\" content=\"summary_large_image\" \/>\n<meta name=\"twitter:label1\" content=\"Szacowany czas czytania\" \/>\n\t<meta name=\"twitter:data1\" content=\"8 minut\" \/>\n<script type=\"application\/ld+json\" class=\"yoast-schema-graph\">{\"@context\":\"https:\/\/schema.org\",\"@graph\":[{\"@type\":\"WebSite\",\"@id\":\"https:\/\/kowalstwo.blubla.pl\/de\/#website\",\"url\":\"https:\/\/kowalstwo.blubla.pl\/de\/\",\"name\":\"Kowalstwo\",\"description\":\"Kowalstwo\",\"potentialAction\":[{\"@type\":\"SearchAction\",\"target\":{\"@type\":\"EntryPoint\",\"urlTemplate\":\"https:\/\/kowalstwo.blubla.pl\/de\/?s={search_term_string}\"},\"query-input\":\"required name=search_term_string\"}],\"inLanguage\":\"pl-PL\"},{\"@type\":\"WebPage\",\"@id\":\"https:\/\/kowalstwo.blubla.pl\/de\/cennik\/#webpage\",\"url\":\"https:\/\/kowalstwo.blubla.pl\/de\/cennik\/\",\"name\":\"Cennik - Kowalstwo\",\"isPartOf\":{\"@id\":\"https:\/\/kowalstwo.blubla.pl\/de\/#website\"},\"datePublished\":\"2021-10-19T10:26:17+00:00\",\"dateModified\":\"2024-04-24T08:53:31+00:00\",\"breadcrumb\":{\"@id\":\"https:\/\/kowalstwo.blubla.pl\/de\/cennik\/#breadcrumb\"},\"inLanguage\":\"pl-PL\",\"potentialAction\":[{\"@type\":\"ReadAction\",\"target\":[\"https:\/\/kowalstwo.blubla.pl\/de\/cennik\/\"]}]},{\"@type\":\"BreadcrumbList\",\"@id\":\"https:\/\/kowalstwo.blubla.pl\/de\/cennik\/#breadcrumb\",\"itemListElement\":[{\"@type\":\"ListItem\",\"position\":1,\"name\":\"Strona g\\u0142\\u00f3wna\",\"item\":\"https:\/\/kowalstwo.blubla.pl\/de\/\"},{\"@type\":\"ListItem\",\"position\":2,\"name\":\"Cennik\"}]}]}<\/script>\n<!-- \/ Yoast SEO plugin. -->","yoast_head_json":{"title":"Cennik - Kowalstwo","robots":{"index":"noindex","follow":"follow","max-snippet":"max-snippet:-1","max-image-preview":"max-image-preview:large","max-video-preview":"max-video-preview:-1"},"og_locale":"pl_PL","og_type":"article","og_title":"Cennik - Kowalstwo","og_description":"AngebotAngebotAls Schmiedewerkstatt sind wir auf die Roheisenverarbeitung mit klassischen und modernen Methoden der Metallverarbeitung spezialisiert. In unserer gut ausgestatteten Werkstatt k\u00f6nnen wir unter anderem folgende Produkte herstellen:\u2013 landwirtschaftliche Werkzeuge wie \u00c4xte, H\u00e4mmer, Messer\u2013 Innenarchitekturelemente von Wohn- und Gewerbegeb\u00e4uden wie T\u00fcrbeschl\u00e4ge, Schuhputzbeschl\u00e4ge, Z\u00e4une und Tore, Pfetten Schl\u00f6sser und andere\u2013 Ausr\u00fcstung f\u00fcr Holzschnitzer- und Rekonstruktionsgruppen \u2013 Schwerter, [&hellip;]","og_url":"https:\/\/kowalstwo.blubla.pl\/de\/cennik\/","og_site_name":"Kowalstwo","article_modified_time":"2024-04-24T08:53:31+00:00","twitter_card":"summary_large_image","twitter_misc":{"Szacowany czas czytania":"8 minut"},"schema":{"@context":"https:\/\/schema.org","@graph":[{"@type":"WebSite","@id":"https:\/\/kowalstwo.blubla.pl\/de\/#website","url":"https:\/\/kowalstwo.blubla.pl\/de\/","name":"Kowalstwo","description":"Kowalstwo","potentialAction":[{"@type":"SearchAction","target":{"@type":"EntryPoint","urlTemplate":"https:\/\/kowalstwo.blubla.pl\/de\/?s={search_term_string}"},"query-input":"required name=search_term_string"}],"inLanguage":"pl-PL"},{"@type":"WebPage","@id":"https:\/\/kowalstwo.blubla.pl\/de\/cennik\/#webpage","url":"https:\/\/kowalstwo.blubla.pl\/de\/cennik\/","name":"Cennik - Kowalstwo","isPartOf":{"@id":"https:\/\/kowalstwo.blubla.pl\/de\/#website"},"datePublished":"2021-10-19T10:26:17+00:00","dateModified":"2024-04-24T08:53:31+00:00","breadcrumb":{"@id":"https:\/\/kowalstwo.blubla.pl\/de\/cennik\/#breadcrumb"},"inLanguage":"pl-PL","potentialAction":[{"@type":"ReadAction","target":["https:\/\/kowalstwo.blubla.pl\/de\/cennik\/"]}]},{"@type":"BreadcrumbList","@id":"https:\/\/kowalstwo.blubla.pl\/de\/cennik\/#breadcrumb","itemListElement":[{"@type":"ListItem","position":1,"name":"Strona g\u0142\u00f3wna","item":"https:\/\/kowalstwo.blubla.pl\/de\/"},{"@type":"ListItem","position":2,"name":"Cennik"}]}]}},"_links":{"self":[{"href":"https:\/\/kowalstwo.blubla.pl\/de\/wp-json\/wp\/v2\/pages\/25636","targetHints":{"allow":["GET"]}}],"collection":[{"href":"https:\/\/kowalstwo.blubla.pl\/de\/wp-json\/wp\/v2\/pages"}],"about":[{"href":"https:\/\/kowalstwo.blubla.pl\/de\/wp-json\/wp\/v2\/types\/page"}],"author":[{"embeddable":true,"href":"https:\/\/kowalstwo.blubla.pl\/de\/wp-json\/wp\/v2\/users\/1"}],"replies":[{"embeddable":true,"href":"https:\/\/kowalstwo.blubla.pl\/de\/wp-json\/wp\/v2\/comments?post=25636"}],"version-history":[{"count":2,"href":"https:\/\/kowalstwo.blubla.pl\/de\/wp-json\/wp\/v2\/pages\/25636\/revisions"}],"predecessor-version":[{"id":25896,"href":"https:\/\/kowalstwo.blubla.pl\/de\/wp-json\/wp\/v2\/pages\/25636\/revisions\/25896"}],"wp:attachment":[{"href":"https:\/\/kowalstwo.blubla.pl\/de\/wp-json\/wp\/v2\/media?parent=25636"}],"curies":[{"name":"wp","href":"https:\/\/api.w.org\/{rel}","templated":true}]}}