{"id":25856,"date":"2024-04-10T15:40:31","date_gmt":"2024-04-10T13:40:31","guid":{"rendered":"https:\/\/kowalstwo.blubla.pl\/de\/?page_id=25856"},"modified":"2024-04-24T10:54:28","modified_gmt":"2024-04-24T08:54:28","slug":"warsztaty-kowalskie","status":"publish","type":"page","link":"https:\/\/kowalstwo.blubla.pl\/de\/warsztaty-kowalskie\/","title":{"rendered":"Schmiedewerkst\u00e4tten"},"content":{"rendered":"<p>[et_pb_section fb_built=&#8221;1&#8243; admin_label=&#8221;Header&#8221; _builder_version=&#8221;4.11.3&#8243; _module_preset=&#8221;default&#8221; background_enable_color=&#8221;off&#8221; use_background_color_gradient=&#8221;on&#8221; background_color_gradient_start=&#8221;#000000&#8243; background_color_gradient_end=&#8221;rgba(0,0,0,0)&#8221; background_color_gradient_overlays_image=&#8221;on&#8221; background_image=&#8221;https:\/\/kowalstwo.blubla.pl\/de\/wp-content\/uploads\/2024\/04\/forge-550622_1920.jpg&#8221; custom_padding=&#8221;||0px||false|false&#8221; locked=&#8221;off&#8221; global_colors_info=&#8221;{}&#8221;][et_pb_row _builder_version=&#8221;4.10.6&#8243; _module_preset=&#8221;default&#8221; z_index=&#8221;10&#8243; custom_padding=&#8221;||0px||false|false&#8221; global_colors_info=&#8221;{}&#8221;][et_pb_column type=&#8221;4_4&#8243; _builder_version=&#8221;4.10.5&#8243; _module_preset=&#8221;default&#8221; global_colors_info=&#8221;{}&#8221;][et_pb_text _builder_version=&#8221;4.11.3&#8243; _module_preset=&#8221;b53a70bb-9f62-4ee5-b34f-c7a321ddbf6c&#8221; header_font=&#8221;Barlow|700|||||||&#8221; header_text_color=&#8221;#fecf10&#8243; header_font_size=&#8221;120px&#8221; header_line_height=&#8221;1.1em&#8221; text_orientation=&#8221;center&#8221; module_alignment=&#8221;center&#8221; custom_margin=&#8221;||10px||false|false&#8221; hover_enabled=&#8221;0&#8243; header_font_size_tablet=&#8221;40px&#8221; header_font_size_phone=&#8221;24px&#8221; header_font_size_last_edited=&#8221;on|desktop&#8221; global_colors_info=&#8221;{}&#8221; sticky_enabled=&#8221;0&#8243;]<\/p>\n<h1>Schmiedewerkst\u00e4tten<\/h1>\n<p>[\/et_pb_text][\/et_pb_column][\/et_pb_row][et_pb_row _builder_version=&#8221;4.10.6&#8243; _module_preset=&#8221;default&#8221; width=&#8221;100%&#8221; max_width=&#8221;none&#8221; custom_padding=&#8221;0px||0px||true|false&#8221; global_colors_info=&#8221;{}&#8221;][et_pb_column type=&#8221;4_4&#8243; _builder_version=&#8221;4.10.5&#8243; _module_preset=&#8221;default&#8221; global_colors_info=&#8221;{}&#8221;][et_pb_image src=&#8221;https:\/\/kowalstwo.blubla.pl\/de\/wp-content\/uploads\/2021\/10\/car-wash-33.png&#8221; title_text=&#8221;car-wash-33&#8243; force_fullwidth=&#8221;on&#8221; _builder_version=&#8221;4.11.3&#8243; _module_preset=&#8221;default&#8221; custom_margin=&#8221;-5vw||||false|false&#8221; hover_enabled=&#8221;0&#8243; global_colors_info=&#8221;{}&#8221; sticky_enabled=&#8221;0&#8243;][\/et_pb_image][\/et_pb_column][\/et_pb_row][\/et_pb_section][et_pb_section fb_built=&#8221;1&#8243; admin_label=&#8221;Pricing&#8221; _builder_version=&#8221;3.22&#8243; background_color=&#8221;#ffffff&#8221; background_size=&#8221;initial&#8221; background_position=&#8221;top_center&#8221; module_alignment=&#8221;center&#8221; custom_margin=&#8221;|20%|60px|20%||true&#8221; custom_margin_tablet=&#8221;|10%||10%||true&#8221; custom_margin_phone=&#8221;|0%||0%||true&#8221; custom_margin_last_edited=&#8221;on|desktop&#8221; animation_style=&#8221;flip&#8221; animation_intensity_flip=&#8221;10%&#8221; box_shadow_style=&#8221;preset3&#8243; box_shadow_vertical=&#8221;45px&#8221; box_shadow_blur=&#8221;130px&#8221; box_shadow_spread=&#8221;-20px&#8221; box_shadow_color=&#8221;rgba(0,0,0,0.25)&#8221; locked=&#8221;off&#8221; global_colors_info=&#8221;{}&#8221;][et_pb_row _builder_version=&#8221;3.25&#8243; global_colors_info=&#8221;{}&#8221;][et_pb_column type=&#8221;4_4&#8243; _builder_version=&#8221;3.25&#8243; custom_padding=&#8221;|||&#8221; global_colors_info=&#8221;{}&#8221; custom_padding__hover=&#8221;|||&#8221;][et_pb_text _builder_version=&#8221;4.11.3&#8243; text_font=&#8221;||||||||&#8221; header_font=&#8221;||||||||&#8221; header_2_font=&#8221;Oswald|500||on|on|||#fecf10|&#8221; header_2_line_height=&#8221;1.6em&#8221; text_orientation=&#8221;center&#8221; hover_enabled=&#8221;0&#8243; header_2_font_size_tablet=&#8221;&#8221; header_2_font_size_phone=&#8221;24px&#8221; header_2_font_size_last_edited=&#8221;on|tablet&#8221; global_colors_info=&#8221;{}&#8221; sticky_enabled=&#8221;0&#8243;]<\/p>\n<h2>UNSER ANGEBOT<\/h2>\n<p>[\/et_pb_text][\/et_pb_column][\/et_pb_row][et_pb_row use_custom_gutter=&#8221;on&#8221; gutter_width=&#8221;2&#8243; _builder_version=&#8221;4.11.3&#8243; custom_padding=&#8221;12px|20px|2px|20px|false|true&#8221; locked=&#8221;off&#8221; global_colors_info=&#8221;{}&#8221; background_color__hover=&#8221;rgba(0,0,0,0.06)&#8221;][et_pb_column type=&#8221;4_4&#8243; _builder_version=&#8221;3.25&#8243; custom_padding=&#8221;|||&#8221; global_colors_info=&#8221;{}&#8221; custom_padding__hover=&#8221;|||&#8221;][et_pb_text _builder_version=&#8221;4.11.3&#8243; text_font=&#8221;||||||||&#8221; header_font=&#8221;||||||||&#8221; header_4_font=&#8221;Oswald|500||on|||||&#8221; header_4_font_size=&#8221;14px&#8221; header_4_line_height=&#8221;1.6em&#8221; hover_enabled=&#8221;0&#8243; global_colors_info=&#8221;{}&#8221; header_font_size__hover=&#8221;30px&#8221; header_font_size__hover_enabled=&#8221;30px&#8221; header_letter_spacing__hover=&#8221;0px&#8221; header_letter_spacing__hover_enabled=&#8221;0px&#8221; header_text_shadow_style__hover=&#8221;none&#8221; header_text_shadow_style__hover_enabled=&#8221;none&#8221; header_text_shadow_color__hover=&#8221;rgba(0,0,0,0.4)&#8221; header_text_shadow_color__hover_enabled=&#8221;rgba(0,0,0,0.4)&#8221; header_2_font_size__hover=&#8221;26px&#8221; header_2_font_size__hover_enabled=&#8221;26px&#8221; header_2_letter_spacing__hover=&#8221;0px&#8221; header_2_letter_spacing__hover_enabled=&#8221;0px&#8221; header_2_line_height__hover=&#8221;1em&#8221; header_2_line_height__hover_enabled=&#8221;1em&#8221; header_2_text_shadow_style__hover=&#8221;none&#8221; header_2_text_shadow_style__hover_enabled=&#8221;none&#8221; header_2_text_shadow_color__hover=&#8221;rgba(0,0,0,0.4)&#8221; header_2_text_shadow_color__hover_enabled=&#8221;rgba(0,0,0,0.4)&#8221; header_3_font_size__hover=&#8221;22px&#8221; header_3_font_size__hover_enabled=&#8221;22px&#8221; header_3_letter_spacing__hover=&#8221;0px&#8221; header_3_letter_spacing__hover_enabled=&#8221;0px&#8221; header_3_line_height__hover=&#8221;1em&#8221; header_3_line_height__hover_enabled=&#8221;1em&#8221; header_3_text_shadow_style__hover=&#8221;none&#8221; header_3_text_shadow_style__hover_enabled=&#8221;none&#8221; header_3_text_shadow_color__hover=&#8221;rgba(0,0,0,0.4)&#8221; header_3_text_shadow_color__hover_enabled=&#8221;rgba(0,0,0,0.4)&#8221; header_4_font_size__hover=&#8221;18px&#8221; header_4_font_size__hover_enabled=&#8221;18px&#8221; header_4_letter_spacing__hover=&#8221;0px&#8221; header_4_letter_spacing__hover_enabled=&#8221;0px&#8221; header_4_line_height__hover=&#8221;1em&#8221; header_4_line_height__hover_enabled=&#8221;1em&#8221; header_4_text_shadow_style__hover=&#8221;none&#8221; header_4_text_shadow_style__hover_enabled=&#8221;none&#8221; header_4_text_shadow_color__hover=&#8221;rgba(0,0,0,0.4)&#8221; header_4_text_shadow_color__hover_enabled=&#8221;rgba(0,0,0,0.4)&#8221; header_5_font_size__hover=&#8221;16px&#8221; header_5_font_size__hover_enabled=&#8221;16px&#8221; header_5_letter_spacing__hover=&#8221;0px&#8221; header_5_letter_spacing__hover_enabled=&#8221;0px&#8221; header_5_line_height__hover=&#8221;1em&#8221; header_5_line_height__hover_enabled=&#8221;1em&#8221; header_5_text_shadow_style__hover=&#8221;none&#8221; header_5_text_shadow_style__hover_enabled=&#8221;none&#8221; header_5_text_shadow_color__hover=&#8221;rgba(0,0,0,0.4)&#8221; header_5_text_shadow_color__hover_enabled=&#8221;rgba(0,0,0,0.4)&#8221; header_6_font_size__hover=&#8221;14px&#8221; header_6_font_size__hover_enabled=&#8221;14px&#8221; header_6_letter_spacing__hover=&#8221;0px&#8221; header_6_letter_spacing__hover_enabled=&#8221;0px&#8221; header_6_line_height__hover=&#8221;1em&#8221; header_6_line_height__hover_enabled=&#8221;1em&#8221; header_6_text_shadow_style__hover=&#8221;none&#8221; header_6_text_shadow_style__hover_enabled=&#8221;none&#8221; header_6_text_shadow_color__hover=&#8221;rgba(0,0,0,0.4)&#8221; header_6_text_shadow_color__hover_enabled=&#8221;rgba(0,0,0,0.4)&#8221; sticky_enabled=&#8221;0&#8243;]<\/p>\n<p>Wir bieten Schulungen an, bei denen die Teilnehmer die interessante Kunst des Schmiedens von der Pike auf erlernen oder ihre vorhandenen F\u00e4higkeiten in diesem Bereich vertiefen. Es ist sowohl theoretisch als auch praktisch und eine interaktive Erfahrung, die das Erlernen verschiedener Metallbearbeitungstechniken sowie das Entwerfen und Herstellen einer Vielzahl von Objekten, von Werkzeugen bis hin zu k\u00fcnstlerischen Arbeiten, umfasst.<\/p>\n<p>Einsteiger in die Schmiedeausbildung k\u00f6nnen mit einer theoretischen Ausbildung beginnen und grundlegende Techniken wie Erhitzen und Schmieden von Metall, Formen, Stanzen und Veredeln erlernen. Die Ausbilder stellen h\u00e4ufig auch grundlegende Schmiedewerkzeuge und -ger\u00e4te vor und besprechen Sicherheitsregeln im Zusammenhang mit der Arbeit mit hei\u00dfem Metall.<\/p>\n<p>Im Verlauf der Ausbildung haben die Teilnehmer die M\u00f6glichkeit, mit verschiedenen Metallarten, Schmiedetechniken und Werkzeugen zu experimentieren, um ihre F\u00e4higkeiten zu entwickeln. Sie k\u00f6nnen auch Kenntnisse \u00fcber die Geschichte, \u00c4sthetik und k\u00fcnstlerischen Stile der Schmiedekunst erwerben, was es ihnen erm\u00f6glicht, fortschrittlichere und anspruchsvollere Designs zu schaffen.<\/p>\n<p>Die Schmiedeausbildung kann in verschiedenen Formen organisiert werden, von kurzfristigen Wochenend-Workshops bis hin zu Langzeitkursen. Der theoretische Teil kann auch online absolviert werden.<\/p>\n<p>Dadurch erm\u00f6glicht die Schmiedeausbildung den Teilnehmern nicht nur den Erwerb praktischer Schmiedef\u00e4higkeiten, sondern inspiriert sie auch dazu, ihrer Leidenschaft nachzugehen und einzigartige und pers\u00f6nliche Metallarbeiten zu schaffen.<\/p>\n<p>F\u00fcr ein detailliertes Angebot und einen Schulungsplan kontaktieren Sie uns bitte per E-Mail oder Telefon.<\/p>\n<p>[\/et_pb_text][\/et_pb_column][\/et_pb_row][\/et_pb_section]<\/p>\n","protected":false},"excerpt":{"rendered":"<p>Schmiedewerkst\u00e4ttenUNSER ANGEBOTWir bieten Schulungen an, bei denen die Teilnehmer die interessante Kunst des Schmiedens von der Pike auf erlernen oder ihre vorhandenen F\u00e4higkeiten in diesem Bereich vertiefen. Es ist sowohl theoretisch als auch praktisch und eine interaktive Erfahrung, die das Erlernen verschiedener Metallbearbeitungstechniken sowie das Entwerfen und Herstellen einer Vielzahl von Objekten, von Werkzeugen bis [&hellip;]<\/p>\n","protected":false},"author":1,"featured_media":0,"parent":0,"menu_order":0,"comment_status":"closed","ping_status":"closed","template":"","meta":{"_et_pb_use_builder":"on","_et_pb_old_content":"","_et_gb_content_width":"","footnotes":""},"class_list":["post-25856","page","type-page","status-publish","hentry"],"yoast_head":"<!-- This site is optimized with the Yoast SEO plugin v17.4 - https:\/\/yoast.com\/wordpress\/plugins\/seo\/ -->\n<title>Schmiedewerkst\u00e4tten - Kowalstwo<\/title>\n<meta name=\"robots\" content=\"noindex, follow, max-snippet:-1, max-image-preview:large, max-video-preview:-1\" \/>\n<meta property=\"og:locale\" content=\"pl_PL\" \/>\n<meta property=\"og:type\" content=\"article\" \/>\n<meta property=\"og:title\" content=\"Schmiedewerkst\u00e4tten - Kowalstwo\" \/>\n<meta property=\"og:description\" content=\"Schmiedewerkst\u00e4ttenUNSER ANGEBOTWir bieten Schulungen an, bei denen die Teilnehmer die interessante Kunst des Schmiedens von der Pike auf erlernen oder ihre vorhandenen F\u00e4higkeiten in diesem Bereich vertiefen. Es ist sowohl theoretisch als auch praktisch und eine interaktive Erfahrung, die das Erlernen verschiedener Metallbearbeitungstechniken sowie das Entwerfen und Herstellen einer Vielzahl von Objekten, von Werkzeugen bis [&hellip;]\" \/>\n<meta property=\"og:url\" content=\"https:\/\/kowalstwo.blubla.pl\/de\/warsztaty-kowalskie\/\" \/>\n<meta property=\"og:site_name\" content=\"Kowalstwo\" \/>\n<meta property=\"article:modified_time\" content=\"2024-04-24T08:54:28+00:00\" \/>\n<meta name=\"twitter:card\" content=\"summary_large_image\" \/>\n<meta name=\"twitter:label1\" content=\"Szacowany czas czytania\" \/>\n\t<meta name=\"twitter:data1\" content=\"8 minut\" \/>\n<script type=\"application\/ld+json\" class=\"yoast-schema-graph\">{\"@context\":\"https:\/\/schema.org\",\"@graph\":[{\"@type\":\"WebSite\",\"@id\":\"https:\/\/kowalstwo.blubla.pl\/de\/#website\",\"url\":\"https:\/\/kowalstwo.blubla.pl\/de\/\",\"name\":\"Kowalstwo\",\"description\":\"Kowalstwo\",\"potentialAction\":[{\"@type\":\"SearchAction\",\"target\":{\"@type\":\"EntryPoint\",\"urlTemplate\":\"https:\/\/kowalstwo.blubla.pl\/de\/?s={search_term_string}\"},\"query-input\":\"required name=search_term_string\"}],\"inLanguage\":\"pl-PL\"},{\"@type\":\"WebPage\",\"@id\":\"https:\/\/kowalstwo.blubla.pl\/de\/warsztaty-kowalskie\/#webpage\",\"url\":\"https:\/\/kowalstwo.blubla.pl\/de\/warsztaty-kowalskie\/\",\"name\":\"Schmiedewerkst\\u00e4tten - Kowalstwo\",\"isPartOf\":{\"@id\":\"https:\/\/kowalstwo.blubla.pl\/de\/#website\"},\"datePublished\":\"2024-04-10T13:40:31+00:00\",\"dateModified\":\"2024-04-24T08:54:28+00:00\",\"breadcrumb\":{\"@id\":\"https:\/\/kowalstwo.blubla.pl\/de\/warsztaty-kowalskie\/#breadcrumb\"},\"inLanguage\":\"pl-PL\",\"potentialAction\":[{\"@type\":\"ReadAction\",\"target\":[\"https:\/\/kowalstwo.blubla.pl\/de\/warsztaty-kowalskie\/\"]}]},{\"@type\":\"BreadcrumbList\",\"@id\":\"https:\/\/kowalstwo.blubla.pl\/de\/warsztaty-kowalskie\/#breadcrumb\",\"itemListElement\":[{\"@type\":\"ListItem\",\"position\":1,\"name\":\"Strona g\\u0142\\u00f3wna\",\"item\":\"https:\/\/kowalstwo.blubla.pl\/de\/\"},{\"@type\":\"ListItem\",\"position\":2,\"name\":\"Schmiedewerkst\\u00e4tten\"}]}]}<\/script>\n<!-- \/ Yoast SEO plugin. -->","yoast_head_json":{"title":"Schmiedewerkst\u00e4tten - Kowalstwo","robots":{"index":"noindex","follow":"follow","max-snippet":"max-snippet:-1","max-image-preview":"max-image-preview:large","max-video-preview":"max-video-preview:-1"},"og_locale":"pl_PL","og_type":"article","og_title":"Schmiedewerkst\u00e4tten - Kowalstwo","og_description":"Schmiedewerkst\u00e4ttenUNSER ANGEBOTWir bieten Schulungen an, bei denen die Teilnehmer die interessante Kunst des Schmiedens von der Pike auf erlernen oder ihre vorhandenen F\u00e4higkeiten in diesem Bereich vertiefen. Es ist sowohl theoretisch als auch praktisch und eine interaktive Erfahrung, die das Erlernen verschiedener Metallbearbeitungstechniken sowie das Entwerfen und Herstellen einer Vielzahl von Objekten, von Werkzeugen bis [&hellip;]","og_url":"https:\/\/kowalstwo.blubla.pl\/de\/warsztaty-kowalskie\/","og_site_name":"Kowalstwo","article_modified_time":"2024-04-24T08:54:28+00:00","twitter_card":"summary_large_image","twitter_misc":{"Szacowany czas czytania":"8 minut"},"schema":{"@context":"https:\/\/schema.org","@graph":[{"@type":"WebSite","@id":"https:\/\/kowalstwo.blubla.pl\/de\/#website","url":"https:\/\/kowalstwo.blubla.pl\/de\/","name":"Kowalstwo","description":"Kowalstwo","potentialAction":[{"@type":"SearchAction","target":{"@type":"EntryPoint","urlTemplate":"https:\/\/kowalstwo.blubla.pl\/de\/?s={search_term_string}"},"query-input":"required name=search_term_string"}],"inLanguage":"pl-PL"},{"@type":"WebPage","@id":"https:\/\/kowalstwo.blubla.pl\/de\/warsztaty-kowalskie\/#webpage","url":"https:\/\/kowalstwo.blubla.pl\/de\/warsztaty-kowalskie\/","name":"Schmiedewerkst\u00e4tten - Kowalstwo","isPartOf":{"@id":"https:\/\/kowalstwo.blubla.pl\/de\/#website"},"datePublished":"2024-04-10T13:40:31+00:00","dateModified":"2024-04-24T08:54:28+00:00","breadcrumb":{"@id":"https:\/\/kowalstwo.blubla.pl\/de\/warsztaty-kowalskie\/#breadcrumb"},"inLanguage":"pl-PL","potentialAction":[{"@type":"ReadAction","target":["https:\/\/kowalstwo.blubla.pl\/de\/warsztaty-kowalskie\/"]}]},{"@type":"BreadcrumbList","@id":"https:\/\/kowalstwo.blubla.pl\/de\/warsztaty-kowalskie\/#breadcrumb","itemListElement":[{"@type":"ListItem","position":1,"name":"Strona g\u0142\u00f3wna","item":"https:\/\/kowalstwo.blubla.pl\/de\/"},{"@type":"ListItem","position":2,"name":"Schmiedewerkst\u00e4tten"}]}]}},"_links":{"self":[{"href":"https:\/\/kowalstwo.blubla.pl\/de\/wp-json\/wp\/v2\/pages\/25856","targetHints":{"allow":["GET"]}}],"collection":[{"href":"https:\/\/kowalstwo.blubla.pl\/de\/wp-json\/wp\/v2\/pages"}],"about":[{"href":"https:\/\/kowalstwo.blubla.pl\/de\/wp-json\/wp\/v2\/types\/page"}],"author":[{"embeddable":true,"href":"https:\/\/kowalstwo.blubla.pl\/de\/wp-json\/wp\/v2\/users\/1"}],"replies":[{"embeddable":true,"href":"https:\/\/kowalstwo.blubla.pl\/de\/wp-json\/wp\/v2\/comments?post=25856"}],"version-history":[{"count":3,"href":"https:\/\/kowalstwo.blubla.pl\/de\/wp-json\/wp\/v2\/pages\/25856\/revisions"}],"predecessor-version":[{"id":25901,"href":"https:\/\/kowalstwo.blubla.pl\/de\/wp-json\/wp\/v2\/pages\/25856\/revisions\/25901"}],"wp:attachment":[{"href":"https:\/\/kowalstwo.blubla.pl\/de\/wp-json\/wp\/v2\/media?parent=25856"}],"curies":[{"name":"wp","href":"https:\/\/api.w.org\/{rel}","templated":true}]}}