{"id":25636,"date":"2021-10-19T12:26:17","date_gmt":"2021-10-19T10:26:17","guid":{"rendered":"https:\/\/kowalstwo.blubla.pl\/fr\/?page_id=25636"},"modified":"2024-04-24T10:59:53","modified_gmt":"2024-04-24T08:59:53","slug":"cennik","status":"publish","type":"page","link":"https:\/\/kowalstwo.blubla.pl\/fr\/cennik\/","title":{"rendered":"Cennik"},"content":{"rendered":"<p>[et_pb_section fb_built=&#8221;1&#8243; admin_label=&#8221;Header&#8221; _builder_version=&#8221;4.11.3&#8243; _module_preset=&#8221;default&#8221; background_enable_color=&#8221;off&#8221; use_background_color_gradient=&#8221;on&#8221; background_color_gradient_start=&#8221;#000000&#8243; background_color_gradient_end=&#8221;rgba(0,0,0,0)&#8221; background_color_gradient_overlays_image=&#8221;on&#8221; background_image=&#8221;https:\/\/kowalstwo.blubla.pl\/fr\/wp-content\/uploads\/2024\/04\/forge-550622_1920.jpg&#8221; custom_padding=&#8221;||0px||false|false&#8221; locked=&#8221;off&#8221; global_colors_info=&#8221;{}&#8221;][et_pb_row _builder_version=&#8221;4.10.6&#8243; _module_preset=&#8221;default&#8221; z_index=&#8221;10&#8243; custom_padding=&#8221;||0px||false|false&#8221; global_colors_info=&#8221;{}&#8221;][et_pb_column type=&#8221;4_4&#8243; _builder_version=&#8221;4.10.5&#8243; _module_preset=&#8221;default&#8221; global_colors_info=&#8221;{}&#8221;][et_pb_text _builder_version=&#8221;4.11.3&#8243; _module_preset=&#8221;b53a70bb-9f62-4ee5-b34f-c7a321ddbf6c&#8221; header_font=&#8221;Barlow|700|||||||&#8221; header_text_color=&#8221;#fecf10&#8243; header_font_size=&#8221;120px&#8221; header_line_height=&#8221;1.1em&#8221; text_orientation=&#8221;center&#8221; module_alignment=&#8221;center&#8221; custom_margin=&#8221;||10px||false|false&#8221; hover_enabled=&#8221;0&#8243; header_font_size_tablet=&#8221;40px&#8221; header_font_size_phone=&#8221;24px&#8221; header_font_size_last_edited=&#8221;on|desktop&#8221; global_colors_info=&#8221;{}&#8221; sticky_enabled=&#8221;0&#8243;]<\/p>\n<h1>NOTRE OFFRE<\/h1>\n<p>[\/et_pb_text][\/et_pb_column][\/et_pb_row][et_pb_row _builder_version=&#8221;4.10.6&#8243; _module_preset=&#8221;default&#8221; width=&#8221;100%&#8221; max_width=&#8221;none&#8221; custom_padding=&#8221;0px||0px||true|false&#8221; global_colors_info=&#8221;{}&#8221;][et_pb_column type=&#8221;4_4&#8243; _builder_version=&#8221;4.10.5&#8243; _module_preset=&#8221;default&#8221; global_colors_info=&#8221;{}&#8221;][et_pb_image src=&#8221;https:\/\/kowalstwo.blubla.pl\/fr\/wp-content\/uploads\/2021\/10\/car-wash-33.png&#8221; title_text=&#8221;car-wash-33&#8243; force_fullwidth=&#8221;on&#8221; _builder_version=&#8221;4.11.3&#8243; _module_preset=&#8221;default&#8221; custom_margin=&#8221;-5vw||||false|false&#8221; global_colors_info=&#8221;{}&#8221;][\/et_pb_image][\/et_pb_column][\/et_pb_row][\/et_pb_section][et_pb_section fb_built=&#8221;1&#8243; admin_label=&#8221;Pricing&#8221; _builder_version=&#8221;3.22&#8243; background_color=&#8221;#ffffff&#8221; background_size=&#8221;initial&#8221; background_position=&#8221;top_center&#8221; module_alignment=&#8221;center&#8221; custom_margin=&#8221;|20%|60px|20%||true&#8221; custom_margin_tablet=&#8221;|10%||10%||true&#8221; custom_margin_phone=&#8221;|0%||0%||true&#8221; custom_margin_last_edited=&#8221;on|desktop&#8221; animation_style=&#8221;flip&#8221; animation_intensity_flip=&#8221;10%&#8221; box_shadow_style=&#8221;preset3&#8243; box_shadow_vertical=&#8221;45px&#8221; box_shadow_blur=&#8221;130px&#8221; box_shadow_spread=&#8221;-20px&#8221; box_shadow_color=&#8221;rgba(0,0,0,0.25)&#8221; locked=&#8221;off&#8221; global_colors_info=&#8221;{}&#8221;][et_pb_row _builder_version=&#8221;3.25&#8243; global_colors_info=&#8221;{}&#8221;][et_pb_column type=&#8221;4_4&#8243; _builder_version=&#8221;3.25&#8243; custom_padding=&#8221;|||&#8221; global_colors_info=&#8221;{}&#8221; custom_padding__hover=&#8221;|||&#8221;][et_pb_text _builder_version=&#8221;4.11.3&#8243; text_font=&#8221;||||||||&#8221; header_font=&#8221;||||||||&#8221; header_2_font=&#8221;Oswald|500||on|on|||#fecf10|&#8221; header_2_line_height=&#8221;1.6em&#8221; text_orientation=&#8221;center&#8221; hover_enabled=&#8221;0&#8243; header_2_font_size_tablet=&#8221;&#8221; header_2_font_size_phone=&#8221;24px&#8221; header_2_font_size_last_edited=&#8221;on|tablet&#8221; global_colors_info=&#8221;{}&#8221; sticky_enabled=&#8221;0&#8243;]<\/p>\n<h2>NOTRE OFFRE<\/h2>\n<p>[\/et_pb_text][\/et_pb_column][\/et_pb_row][et_pb_row use_custom_gutter=&#8221;on&#8221; gutter_width=&#8221;2&#8243; _builder_version=&#8221;4.11.3&#8243; custom_padding=&#8221;12px|20px|2px|20px|false|true&#8221; locked=&#8221;off&#8221; global_colors_info=&#8221;{}&#8221; background_color__hover=&#8221;rgba(0,0,0,0.06)&#8221;][et_pb_column type=&#8221;4_4&#8243; _builder_version=&#8221;3.25&#8243; custom_padding=&#8221;|||&#8221; global_colors_info=&#8221;{}&#8221; custom_padding__hover=&#8221;|||&#8221;][et_pb_text _builder_version=&#8221;4.11.3&#8243; text_font=&#8221;||||||||&#8221; header_font=&#8221;||||||||&#8221; header_4_font=&#8221;Oswald|500||on|||||&#8221; header_4_font_size=&#8221;14px&#8221; header_4_line_height=&#8221;1.6em&#8221; hover_enabled=&#8221;0&#8243; global_colors_info=&#8221;{}&#8221; header_font_size__hover=&#8221;30px&#8221; header_font_size__hover_enabled=&#8221;30px&#8221; header_letter_spacing__hover=&#8221;0px&#8221; header_letter_spacing__hover_enabled=&#8221;0px&#8221; header_text_shadow_style__hover=&#8221;none&#8221; header_text_shadow_style__hover_enabled=&#8221;none&#8221; header_text_shadow_color__hover=&#8221;rgba(0,0,0,0.4)&#8221; header_text_shadow_color__hover_enabled=&#8221;rgba(0,0,0,0.4)&#8221; header_2_font_size__hover=&#8221;26px&#8221; header_2_font_size__hover_enabled=&#8221;26px&#8221; header_2_letter_spacing__hover=&#8221;0px&#8221; header_2_letter_spacing__hover_enabled=&#8221;0px&#8221; header_2_line_height__hover=&#8221;1em&#8221; header_2_line_height__hover_enabled=&#8221;1em&#8221; header_2_text_shadow_style__hover=&#8221;none&#8221; header_2_text_shadow_style__hover_enabled=&#8221;none&#8221; header_2_text_shadow_color__hover=&#8221;rgba(0,0,0,0.4)&#8221; header_2_text_shadow_color__hover_enabled=&#8221;rgba(0,0,0,0.4)&#8221; header_3_font_size__hover=&#8221;22px&#8221; header_3_font_size__hover_enabled=&#8221;22px&#8221; header_3_letter_spacing__hover=&#8221;0px&#8221; header_3_letter_spacing__hover_enabled=&#8221;0px&#8221; header_3_line_height__hover=&#8221;1em&#8221; header_3_line_height__hover_enabled=&#8221;1em&#8221; header_3_text_shadow_style__hover=&#8221;none&#8221; header_3_text_shadow_style__hover_enabled=&#8221;none&#8221; header_3_text_shadow_color__hover=&#8221;rgba(0,0,0,0.4)&#8221; header_3_text_shadow_color__hover_enabled=&#8221;rgba(0,0,0,0.4)&#8221; header_4_font_size__hover=&#8221;18px&#8221; header_4_font_size__hover_enabled=&#8221;18px&#8221; header_4_letter_spacing__hover=&#8221;0px&#8221; header_4_letter_spacing__hover_enabled=&#8221;0px&#8221; header_4_line_height__hover=&#8221;1em&#8221; header_4_line_height__hover_enabled=&#8221;1em&#8221; header_4_text_shadow_style__hover=&#8221;none&#8221; header_4_text_shadow_style__hover_enabled=&#8221;none&#8221; header_4_text_shadow_color__hover=&#8221;rgba(0,0,0,0.4)&#8221; header_4_text_shadow_color__hover_enabled=&#8221;rgba(0,0,0,0.4)&#8221; header_5_font_size__hover=&#8221;16px&#8221; header_5_font_size__hover_enabled=&#8221;16px&#8221; header_5_letter_spacing__hover=&#8221;0px&#8221; header_5_letter_spacing__hover_enabled=&#8221;0px&#8221; header_5_line_height__hover=&#8221;1em&#8221; header_5_line_height__hover_enabled=&#8221;1em&#8221; header_5_text_shadow_style__hover=&#8221;none&#8221; header_5_text_shadow_style__hover_enabled=&#8221;none&#8221; header_5_text_shadow_color__hover=&#8221;rgba(0,0,0,0.4)&#8221; header_5_text_shadow_color__hover_enabled=&#8221;rgba(0,0,0,0.4)&#8221; header_6_font_size__hover=&#8221;14px&#8221; header_6_font_size__hover_enabled=&#8221;14px&#8221; header_6_letter_spacing__hover=&#8221;0px&#8221; header_6_letter_spacing__hover_enabled=&#8221;0px&#8221; header_6_line_height__hover=&#8221;1em&#8221; header_6_line_height__hover_enabled=&#8221;1em&#8221; header_6_text_shadow_style__hover=&#8221;none&#8221; header_6_text_shadow_style__hover_enabled=&#8221;none&#8221; header_6_text_shadow_color__hover=&#8221;rgba(0,0,0,0.4)&#8221; header_6_text_shadow_color__hover_enabled=&#8221;rgba(0,0,0,0.4)&#8221; sticky_enabled=&#8221;0&#8243;]<\/p>\n<p>En tant que forgeron, nous sommes sp\u00e9cialis\u00e9s dans le traitement des m\u00e9taux chauds en utilisant des m\u00e9thodes de traitement des m\u00e9taux classiques et modernes. Notre atelier bien \u00e9quip\u00e9 nous permet de fabriquer, entre autres, les produits suivants :<br \/>\u2013 des outils agricoles tels que des haches, des marteaux, des couteaux<br \/>\u2013 des \u00e9l\u00e9ments d&#8217;am\u00e9nagement int\u00e9rieur de b\u00e2timents r\u00e9sidentiels et commerciaux tels que des ferrures de portes, des ferrures de cirage de chaussures, des cl\u00f4tures et portails, des pannes. serrures et autres<br \/>\u2013 \u00e9quipements pour les groupes de sculpture sur bois et de reconstruction \u2013 \u00e9p\u00e9es, haches et autres armes, \u00e9l\u00e9ments d&#8217;armure tels que armures, cottes de mailles, casques et boucliers.<br \/>\u2013 ferronnerie \u2013 sculptures et autres \u00e9l\u00e9ments, y compris des articles d&#8217;ameublement de diff\u00e9rents types<br \/>\u2013 fabrication de fers \u00e0 cheval et d&#8217;\u00e9l\u00e9ments d&#8217;\u00e9quipement d&#8217;\u00e9quitation<br \/>\u2013 ateliers de forgeron pr\u00e9sentant et enseignant le processus de production d&#8217;\u00e9l\u00e9ments m\u00e9talliques.<\/p>\n<p>Pour ce faire, nous utilisons des outils classiques tels que des enclumes, des pinces, des poin\u00e7ons, des poin\u00e7onneuses, mais aussi des meuleuses modernes, des lasers CNC, des scies et des fours GPL.<br \/>Nous disposons de notre propre centre de conception o\u00f9 nos employ\u00e9s pr\u00e9parent un produit virtuel et nos forgerons le transforment en un objet r\u00e9el.<\/p>\n<p>Pour plus de d\u00e9tails, veuillez visiter la section contact.<\/p>\n<p>[\/et_pb_text][\/et_pb_column][\/et_pb_row][\/et_pb_section]<\/p>\n","protected":false},"excerpt":{"rendered":"<p>NOTRE OFFRENOTRE OFFREEn tant que forgeron, nous sommes sp\u00e9cialis\u00e9s dans le traitement des m\u00e9taux chauds en utilisant des m\u00e9thodes de traitement des m\u00e9taux classiques et modernes. Notre atelier bien \u00e9quip\u00e9 nous permet de fabriquer, entre autres, les produits suivants :\u2013 des outils agricoles tels que des haches, des marteaux, des couteaux\u2013 des \u00e9l\u00e9ments d&#8217;am\u00e9nagement int\u00e9rieur [&hellip;]<\/p>\n","protected":false},"author":1,"featured_media":0,"parent":0,"menu_order":0,"comment_status":"closed","ping_status":"closed","template":"","meta":{"_et_pb_use_builder":"on","_et_pb_old_content":"","_et_gb_content_width":"","footnotes":""},"class_list":["post-25636","page","type-page","status-publish","hentry"],"yoast_head":"<!-- This site is optimized with the Yoast SEO plugin v17.4 - https:\/\/yoast.com\/wordpress\/plugins\/seo\/ -->\n<title>Cennik - Kowalstwo<\/title>\n<meta name=\"robots\" content=\"noindex, follow, max-snippet:-1, max-image-preview:large, max-video-preview:-1\" \/>\n<meta property=\"og:locale\" content=\"pl_PL\" \/>\n<meta property=\"og:type\" content=\"article\" \/>\n<meta property=\"og:title\" content=\"Cennik - Kowalstwo\" \/>\n<meta property=\"og:description\" content=\"NOTRE OFFRENOTRE OFFREEn tant que forgeron, nous sommes sp\u00e9cialis\u00e9s dans le traitement des m\u00e9taux chauds en utilisant des m\u00e9thodes de traitement des m\u00e9taux classiques et modernes. Notre atelier bien \u00e9quip\u00e9 nous permet de fabriquer, entre autres, les produits suivants :\u2013 des outils agricoles tels que des haches, des marteaux, des couteaux\u2013 des \u00e9l\u00e9ments d&#039;am\u00e9nagement int\u00e9rieur [&hellip;]\" \/>\n<meta property=\"og:url\" content=\"https:\/\/kowalstwo.blubla.pl\/fr\/cennik\/\" \/>\n<meta property=\"og:site_name\" content=\"Kowalstwo\" \/>\n<meta property=\"article:modified_time\" content=\"2024-04-24T08:59:53+00:00\" \/>\n<meta name=\"twitter:card\" content=\"summary_large_image\" \/>\n<meta name=\"twitter:label1\" content=\"Szacowany czas czytania\" \/>\n\t<meta name=\"twitter:data1\" content=\"8 minut\" \/>\n<script type=\"application\/ld+json\" class=\"yoast-schema-graph\">{\"@context\":\"https:\/\/schema.org\",\"@graph\":[{\"@type\":\"WebSite\",\"@id\":\"https:\/\/kowalstwo.blubla.pl\/fr\/#website\",\"url\":\"https:\/\/kowalstwo.blubla.pl\/fr\/\",\"name\":\"Kowalstwo\",\"description\":\"Kowalstwo\",\"potentialAction\":[{\"@type\":\"SearchAction\",\"target\":{\"@type\":\"EntryPoint\",\"urlTemplate\":\"https:\/\/kowalstwo.blubla.pl\/fr\/?s={search_term_string}\"},\"query-input\":\"required name=search_term_string\"}],\"inLanguage\":\"pl-PL\"},{\"@type\":\"WebPage\",\"@id\":\"https:\/\/kowalstwo.blubla.pl\/fr\/cennik\/#webpage\",\"url\":\"https:\/\/kowalstwo.blubla.pl\/fr\/cennik\/\",\"name\":\"Cennik - Kowalstwo\",\"isPartOf\":{\"@id\":\"https:\/\/kowalstwo.blubla.pl\/fr\/#website\"},\"datePublished\":\"2021-10-19T10:26:17+00:00\",\"dateModified\":\"2024-04-24T08:59:53+00:00\",\"breadcrumb\":{\"@id\":\"https:\/\/kowalstwo.blubla.pl\/fr\/cennik\/#breadcrumb\"},\"inLanguage\":\"pl-PL\",\"potentialAction\":[{\"@type\":\"ReadAction\",\"target\":[\"https:\/\/kowalstwo.blubla.pl\/fr\/cennik\/\"]}]},{\"@type\":\"BreadcrumbList\",\"@id\":\"https:\/\/kowalstwo.blubla.pl\/fr\/cennik\/#breadcrumb\",\"itemListElement\":[{\"@type\":\"ListItem\",\"position\":1,\"name\":\"Strona g\\u0142\\u00f3wna\",\"item\":\"https:\/\/kowalstwo.blubla.pl\/fr\/\"},{\"@type\":\"ListItem\",\"position\":2,\"name\":\"Cennik\"}]}]}<\/script>\n<!-- \/ Yoast SEO plugin. -->","yoast_head_json":{"title":"Cennik - Kowalstwo","robots":{"index":"noindex","follow":"follow","max-snippet":"max-snippet:-1","max-image-preview":"max-image-preview:large","max-video-preview":"max-video-preview:-1"},"og_locale":"pl_PL","og_type":"article","og_title":"Cennik - Kowalstwo","og_description":"NOTRE OFFRENOTRE OFFREEn tant que forgeron, nous sommes sp\u00e9cialis\u00e9s dans le traitement des m\u00e9taux chauds en utilisant des m\u00e9thodes de traitement des m\u00e9taux classiques et modernes. Notre atelier bien \u00e9quip\u00e9 nous permet de fabriquer, entre autres, les produits suivants :\u2013 des outils agricoles tels que des haches, des marteaux, des couteaux\u2013 des \u00e9l\u00e9ments d'am\u00e9nagement int\u00e9rieur [&hellip;]","og_url":"https:\/\/kowalstwo.blubla.pl\/fr\/cennik\/","og_site_name":"Kowalstwo","article_modified_time":"2024-04-24T08:59:53+00:00","twitter_card":"summary_large_image","twitter_misc":{"Szacowany czas czytania":"8 minut"},"schema":{"@context":"https:\/\/schema.org","@graph":[{"@type":"WebSite","@id":"https:\/\/kowalstwo.blubla.pl\/fr\/#website","url":"https:\/\/kowalstwo.blubla.pl\/fr\/","name":"Kowalstwo","description":"Kowalstwo","potentialAction":[{"@type":"SearchAction","target":{"@type":"EntryPoint","urlTemplate":"https:\/\/kowalstwo.blubla.pl\/fr\/?s={search_term_string}"},"query-input":"required name=search_term_string"}],"inLanguage":"pl-PL"},{"@type":"WebPage","@id":"https:\/\/kowalstwo.blubla.pl\/fr\/cennik\/#webpage","url":"https:\/\/kowalstwo.blubla.pl\/fr\/cennik\/","name":"Cennik - Kowalstwo","isPartOf":{"@id":"https:\/\/kowalstwo.blubla.pl\/fr\/#website"},"datePublished":"2021-10-19T10:26:17+00:00","dateModified":"2024-04-24T08:59:53+00:00","breadcrumb":{"@id":"https:\/\/kowalstwo.blubla.pl\/fr\/cennik\/#breadcrumb"},"inLanguage":"pl-PL","potentialAction":[{"@type":"ReadAction","target":["https:\/\/kowalstwo.blubla.pl\/fr\/cennik\/"]}]},{"@type":"BreadcrumbList","@id":"https:\/\/kowalstwo.blubla.pl\/fr\/cennik\/#breadcrumb","itemListElement":[{"@type":"ListItem","position":1,"name":"Strona g\u0142\u00f3wna","item":"https:\/\/kowalstwo.blubla.pl\/fr\/"},{"@type":"ListItem","position":2,"name":"Cennik"}]}]}},"_links":{"self":[{"href":"https:\/\/kowalstwo.blubla.pl\/fr\/wp-json\/wp\/v2\/pages\/25636","targetHints":{"allow":["GET"]}}],"collection":[{"href":"https:\/\/kowalstwo.blubla.pl\/fr\/wp-json\/wp\/v2\/pages"}],"about":[{"href":"https:\/\/kowalstwo.blubla.pl\/fr\/wp-json\/wp\/v2\/types\/page"}],"author":[{"embeddable":true,"href":"https:\/\/kowalstwo.blubla.pl\/fr\/wp-json\/wp\/v2\/users\/1"}],"replies":[{"embeddable":true,"href":"https:\/\/kowalstwo.blubla.pl\/fr\/wp-json\/wp\/v2\/comments?post=25636"}],"version-history":[{"count":1,"href":"https:\/\/kowalstwo.blubla.pl\/fr\/wp-json\/wp\/v2\/pages\/25636\/revisions"}],"predecessor-version":[{"id":25894,"href":"https:\/\/kowalstwo.blubla.pl\/fr\/wp-json\/wp\/v2\/pages\/25636\/revisions\/25894"}],"wp:attachment":[{"href":"https:\/\/kowalstwo.blubla.pl\/fr\/wp-json\/wp\/v2\/media?parent=25636"}],"curies":[{"name":"wp","href":"https:\/\/api.w.org\/{rel}","templated":true}]}}